{"id":4376,"date":"2019-06-13T10:12:45","date_gmt":"2019-06-13T08:12:45","guid":{"rendered":"https:\/\/incluageing.eurasiavision.eu\/domov\/"},"modified":"2024-07-13T14:33:10","modified_gmt":"2024-07-13T12:33:10","slug":"domov","status":"publish","type":"page","link":"https:\/\/incluageing.eurasiavision.eu\/sl\/","title":{"rendered":"Domov"},"content":{"rendered":"<div data-elementor-type=\"wp-post\" data-elementor-id=\"4376\" class=\"elementor elementor-4376\" data-elementor-post-type=\"page\">\n\t\t\t\t\t\t<section class=\"elementor-section elementor-top-section elementor-element elementor-element-24a85e0 elementor-section-stretched elementor-section-boxed elementor-section-height-default elementor-section-height-default\" data-id=\"24a85e0\" data-element_type=\"section\" data-settings=\"{&quot;stretch_section&quot;:&quot;section-stretched&quot;}\">\n\t\t\t\t\t\t<div class=\"elementor-container elementor-column-gap-extended\">\n\t\t\t\t\t<div class=\"elementor-column elementor-col-100 elementor-top-column elementor-element elementor-element-8ee8ac1\" data-id=\"8ee8ac1\" data-element_type=\"column\">\n\t\t\t<div class=\"elementor-widget-wrap elementor-element-populated\">\n\t\t\t\t\t\t<div class=\"elementor-element elementor-element-fd46cdd elementor-widget elementor-widget-edumy_revslider\" data-id=\"fd46cdd\" data-element_type=\"widget\" data-widget_type=\"edumy_revslider.default\">\n\t\t\t\t<div class=\"elementor-widget-container\">\n\t\t\t        <div class=\"widget-revslider\">\n            \n\t\t\t<!-- START Home 8 REVOLUTION SLIDER 6.6.14 --><p class=\"rs-p-wp-fix\"><\/p>\n\t\t\t<rs-module-wrap id=\"rev_slider_1_1_wrapper\" data-source=\"gallery\" style=\"visibility:hidden;background:transparent;padding:0;margin:0px auto;margin-top:0;margin-bottom:0;\">\n\t\t\t\t<rs-module id=\"rev_slider_1_1\" style=\"\" data-version=\"6.6.14\">\n\t\t\t\t\t<rs-slides style=\"overflow: hidden; position: absolute;\">\n\t\t\t\t\t\t<rs-slide style=\"position: absolute;\" data-key=\"rs-1\" data-title=\"Slide\" data-in=\"o:0;\" data-out=\"a:false;\">\n\t\t\t\t\t\t\t<img fetchpriority=\"high\" decoding=\"async\" src=\"\/\/incluageing.eurasiavision.eu\/wp-content\/plugins\/revslider\/public\/assets\/assets\/dummy.png\" alt=\"\" title=\"closeup-support-hands1.png\" width=\"1920\" height=\"899\" class=\"rev-slidebg tp-rs-img rs-lazyload\" data-lazyload=\"\/\/incluageing.eurasiavision.eu\/wp-content\/uploads\/revslider\/home-8\/closeup-support-hands1.png\" data-no-retina>\n<!--\n\t\t\t\t\t\t\t--><rs-layer\n\t\t\t\t\t\t\t\tid=\"slider-1-slide-1-layer-1\" \n\t\t\t\t\t\t\t\tdata-type=\"text\"\n\t\t\t\t\t\t\t\tdata-rsp_ch=\"on\"\n\t\t\t\t\t\t\t\tdata-xy=\"x:c;y:m,m,m,t;yo:-210px,-71px,-101px,70px;\"\n\t\t\t\t\t\t\t\tdata-text=\"s:50,40,40,30;l:60,50,40,32;fw:700,400,400,400;a:inherit;\"\n\t\t\t\t\t\t\t\tdata-dim=\"h:63px,auto,auto,auto;\"\n\t\t\t\t\t\t\t\tdata-vbility=\"t,t,t,f\"\n\t\t\t\t\t\t\t\tdata-frame_0=\"sX:0.9;sY:0.9;\"\n\t\t\t\t\t\t\t\tdata-frame_1=\"sp:600;sR:10;\"\n\t\t\t\t\t\t\t\tdata-frame_999=\"o:0;st:w;sR:8390;\"\n\t\t\t\t\t\t\t\tstyle=\"z-index:6;font-family:'Nunito';\"\n\t\t\t\t\t\t\t>Inclu-Ageing \n\t\t\t\t\t\t\t<\/rs-layer><!--\n\n\t\t\t\t\t\t\t--><rs-layer\n\t\t\t\t\t\t\t\tid=\"slider-1-slide-1-layer-2\" \n\t\t\t\t\t\t\t\tdata-type=\"text\"\n\t\t\t\t\t\t\t\tdata-rsp_ch=\"on\"\n\t\t\t\t\t\t\t\tdata-xy=\"x:c;y:m,m,m,b;yo:-133px,0,-30px,310px;\"\n\t\t\t\t\t\t\t\tdata-text=\"s:18;l:30;fw:300;a:center;\"\n\t\t\t\t\t\t\t\tdata-vbility=\"t,t,t,f\"\n\t\t\t\t\t\t\t\tdata-frame_0=\"sX:0.9;sY:0.9;\"\n\t\t\t\t\t\t\t\tdata-frame_1=\"sp:900;sR:10;\"\n\t\t\t\t\t\t\t\tdata-frame_999=\"o:0;st:w;sR:8090;\"\n\t\t\t\t\t\t\t\tstyle=\"z-index:7;font-family:'Nunito';\"\n\t\t\t\t\t\t\t>Training of family members and guardians for inclusion of <br> ageing adults with disabilities \n\t\t\t\t\t\t\t<\/rs-layer><!--\n\n\t\t\t\t\t\t\t--><a\n\t\t\t\t\t\t\t\tid=\"slider-1-slide-1-layer-3\" \n\t\t\t\t\t\t\t\tclass=\"rs-layer btn-1 rev-btn rev-withicon\"\n\t\t\t\t\t\t\t\thref=\"https:\/\/incluageing.eurasiavision.eu\/quiz-page\/\" target=\"_self\"\n\t\t\t\t\t\t\t\tdata-type=\"button\"\n\t\t\t\t\t\t\t\tdata-color=\"rgba(255,255,255,1)\"\n\t\t\t\t\t\t\t\tdata-xy=\"x:c;y:m;yo:-54px,88px,58px,36px;\"\n\t\t\t\t\t\t\t\tdata-text=\"s:21,18,18,18;l:34,29,29,29;a:center;\"\n\t\t\t\t\t\t\t\tdata-rsp_bd=\"off\"\n\t\t\t\t\t\t\t\tdata-padding=\"t:13,11,11,6;r:61,52,52,20;b:13,11,11,6;l:61,52,52,20;\"\n\t\t\t\t\t\t\t\tdata-border=\"bos:solid;boc:#ffffff;bow:2px,2px,2px,2px;bor:30px,30px,30px,30px;\"\n\t\t\t\t\t\t\t\tdata-frame_0=\"sX:0.9;sY:0.9;\"\n\t\t\t\t\t\t\t\tdata-frame_1=\"sp:790;sR:10;\"\n\t\t\t\t\t\t\t\tdata-frame_999=\"o:0;st:w;sR:8200;\"\n\t\t\t\t\t\t\t\tdata-frame_hover=\"c:#000;bgc:#fff;boc:transparent;bor:30px,30px,30px,30px;bos:solid;bow:2px,2px,2px,2px;oX:50;oY:50;e:none;\"\n\t\t\t\t\t\t\t\tstyle=\"z-index:8;background-color:rgba(255,255,255,0);font-family:'Nunito';outline:none;box-shadow:none;box-sizing:border-box;-moz-box-sizing:border-box;-webkit-box-sizing:border-box;\"\n\t\t\t\t\t\t\t>Login - Register \n\t\t\t\t\t\t\t<\/a><!--\n-->\t\t\t\t\t\t<\/rs-slide>\n\t\t\t\t\t<\/rs-slides>\n\t\t\t\t<\/rs-module>\n\t\t\t\t<script>\n\t\t\t\t\tsetREVStartSize({c: 'rev_slider_1_1',rl:[1240,1024,778,480],el:[899,768,600,370],gw:[1240,1024,778,480],gh:[899,768,600,500],type:'standard',justify:'',layout:'fullwidth',mh:\"0\"});if (window.RS_MODULES!==undefined && window.RS_MODULES.modules!==undefined && window.RS_MODULES.modules[\"revslider11\"]!==undefined) {window.RS_MODULES.modules[\"revslider11\"].once = false;window.revapi1 = undefined;if (window.RS_MODULES.checkMinimal!==undefined) window.RS_MODULES.checkMinimal()}\n\t\t\t\t<\/script>\n\t\t\t<\/rs-module-wrap>\n\t\t\t<!-- END REVOLUTION SLIDER -->\n        <\/div>\n        \t\t<\/div>\n\t\t\t\t<\/div>\n\t\t\t\t\t<\/div>\n\t\t<\/div>\n\t\t\t\t\t<\/div>\n\t\t<\/section>\n\t\t\t\t<section class=\"elementor-section elementor-top-section elementor-element elementor-element-2aece4b elementor-section-stretched elementor-section-boxed elementor-section-height-default elementor-section-height-default\" data-id=\"2aece4b\" data-element_type=\"section\" data-settings=\"{&quot;stretch_section&quot;:&quot;section-stretched&quot;}\">\n\t\t\t\t\t\t<div class=\"elementor-container elementor-column-gap-extended\">\n\t\t\t\t\t<div class=\"elementor-column elementor-col-50 elementor-top-column elementor-element elementor-element-7c3fe24\" data-id=\"7c3fe24\" data-element_type=\"column\">\n\t\t\t<div class=\"elementor-widget-wrap elementor-element-populated\">\n\t\t\t\t\t\t<section class=\"elementor-section elementor-inner-section elementor-element elementor-element-6d74585 elementor-section-boxed elementor-section-height-default elementor-section-height-default\" data-id=\"6d74585\" data-element_type=\"section\">\n\t\t\t\t\t\t<div class=\"elementor-container elementor-column-gap-extended\">\n\t\t\t\t\t<div class=\"elementor-column elementor-col-50 elementor-inner-column elementor-element elementor-element-ad59629\" data-id=\"ad59629\" data-element_type=\"column\">\n\t\t\t<div class=\"elementor-widget-wrap elementor-element-populated\">\n\t\t\t\t\t\t<div class=\"elementor-element elementor-element-e381b02 elementor-widget elementor-widget-edumy_icon_box\" data-id=\"e381b02\" data-element_type=\"widget\" data-widget_type=\"edumy_icon_box.default\">\n\t\t\t\t<div class=\"elementor-widget-container\">\n\t\t\t        <div class=\"widget-icon-box  style4\">\n            <div class=\"item-inner\">\n                <div class=\"icon-box-content\"><h3 class=\"title\">Pre koho? <\/h3><div class=\"description\">\u25cf Star\u0161i starajo\u010dih se odraslih invalidov <br> \u25cf Dru\u017einski \u010dlani starajo\u010dih se odraslih invalidov <br> \u25cf Skrbniki starajo\u010dih se odraslih invalidov<\/div><\/div>            <\/div>\n        <\/div>\n        \t\t<\/div>\n\t\t\t\t<\/div>\n\t\t\t\t<div class=\"elementor-element elementor-element-2e87ccc elementor-widget elementor-widget-edumy_icon_box\" data-id=\"2e87ccc\" data-element_type=\"widget\" data-widget_type=\"edumy_icon_box.default\">\n\t\t\t\t<div class=\"elementor-widget-container\">\n\t\t\t        <div class=\"widget-icon-box  style4\">\n            <div class=\"item-inner\">\n                <div class=\"icon-box-content\"><h3 class=\"title\">Pre\u010do?<\/h3><div class=\"description\">HUB bo pove\u010dal znanje, kompetence in ve\u0161\u010dine star\u0161ev, dru\u017einskih \u010dlanov in zakonitih skrbnikov starajo\u010dih se odraslih oseb z motnjami v du\u0161evnem razvoju. Njegov cilj je okrepiti socialno vklju\u010denost starajo\u010dih se odraslih oseb z motnjami v du\u0161evnem razvoju.<\/div><\/div>            <\/div>\n        <\/div>\n        \t\t<\/div>\n\t\t\t\t<\/div>\n\t\t\t\t\t<\/div>\n\t\t<\/div>\n\t\t\t\t<div class=\"elementor-column elementor-col-50 elementor-inner-column elementor-element elementor-element-b49f8ce\" data-id=\"b49f8ce\" data-element_type=\"column\">\n\t\t\t<div class=\"elementor-widget-wrap elementor-element-populated\">\n\t\t\t\t\t\t<div class=\"elementor-element elementor-element-02841c2 elementor-widget elementor-widget-edumy_icon_box\" data-id=\"02841c2\" data-element_type=\"widget\" data-widget_type=\"edumy_icon_box.default\">\n\t\t\t\t<div class=\"elementor-widget-container\">\n\t\t\t        <div class=\"widget-icon-box  style4\">\n            <div class=\"item-inner\">\n                <div class=\"icon-box-content\"><h3 class=\"title\">\u010co?<\/h3><div class=\"description\">HUB vklju\u010duje razli\u010dne brezpla\u010dne in interaktivne vire, ki so vedno dostopni in na voljo v razli\u010dnih jezikih (angle\u0161\u010dina, hrva\u0161\u010dina, nem\u0161\u010dina, gr\u0161\u010dina, italijan\u0161\u010dina, polj\u0161\u010dina, sloven\u0161\u010dina, hrva\u0161\u010dina).<\/div><\/div>            <\/div>\n        <\/div>\n        \t\t<\/div>\n\t\t\t\t<\/div>\n\t\t\t\t<div class=\"elementor-element elementor-element-ab72d1b elementor-widget elementor-widget-edumy_icon_box\" data-id=\"ab72d1b\" data-element_type=\"widget\" data-widget_type=\"edumy_icon_box.default\">\n\t\t\t\t<div class=\"elementor-widget-container\">\n\t\t\t        <div class=\"widget-icon-box  style4\">\n            <div class=\"item-inner\">\n                <div class=\"icon-box-content\"><h3 class=\"title\">Roztomil\u00e9 prostredie<\/h3><div class=\"description\">Starej\u0161i ljudje z ID morajo biti polnopravni udele\u017eenci razvojnega procesa in u\u017eivati njegove koristi. Nobenemu posamezniku se ne sme odre\u010di mo\u017enost, da bi imel koristi od razvoja<\/div><\/div>            <\/div>\n        <\/div>\n        \t\t<\/div>\n\t\t\t\t<\/div>\n\t\t\t\t\t<\/div>\n\t\t<\/div>\n\t\t\t\t\t<\/div>\n\t\t<\/section>\n\t\t\t\t\t<\/div>\n\t\t<\/div>\n\t\t\t\t<div class=\"elementor-column elementor-col-50 elementor-top-column elementor-element elementor-element-dae328e\" data-id=\"dae328e\" data-element_type=\"column\">\n\t\t\t<div class=\"elementor-widget-wrap elementor-element-populated\">\n\t\t\t\t\t\t<div class=\"elementor-element elementor-element-dead0b6 elementor-widget elementor-widget-edumy_heading\" data-id=\"dead0b6\" data-element_type=\"widget\" data-widget_type=\"edumy_heading.default\">\n\t\t\t\t<div class=\"elementor-widget-container\">\n\t\t\t<h2 class=\"edumy-heading-title edumy-size-default\">Na\u0161i cilji<\/h2>\t\t<\/div>\n\t\t\t\t<\/div>\n\t\t\t\t<div class=\"elementor-element elementor-element-5574cb2 elementor-widget elementor-widget-edumy_heading\" data-id=\"5574cb2\" data-element_type=\"widget\" data-widget_type=\"edumy_heading.default\">\n\t\t\t\t<div class=\"elementor-widget-container\">\n\t\t\t<div class=\"edumy-heading-title edumy-size-default\">\u0160tevilo starej\u0161ih odraslih v Evropski uniji se v zadnjih 20 letih pove\u010duje. Nara\u0161\u010dajo\u010da starost je le eden od \u0161tevilnih dejavnikov, povezanih z razlikami v dostopu do zdravja in zdravstvenih izidih, ki se lahko \u0161e poslab\u0161ajo, \u010de se prekrivajo z ni\u017ejim socialno-ekonomskim statusom, geografsko bli\u017eino zdravstvenih delavcev in invalidnostjo. Poleg tega so v populaciji invalidov osebe z motnjami v du\u0161evnem razvoju (ID) \u0161e bolj prikraj\u0161ane.<\/div>\t\t<\/div>\n\t\t\t\t<\/div>\n\t\t\t\t<div class=\"elementor-element elementor-element-371f6e3 elementor-widget elementor-widget-edumy_heading\" data-id=\"371f6e3\" data-element_type=\"widget\" data-widget_type=\"edumy_heading.default\">\n\t\t\t\t<div class=\"elementor-widget-container\">\n\t\t\t<div class=\"edumy-heading-title edumy-size-default\">Zato je cilj projekta Inclu-Ageing HUB zagotoviti vire, ki bodo dru\u017einskim \u010dlanom in skrbnikom starajo\u010dih se odraslih oseb z ID pomagali pri razvijanju novih spretnosti ter pridobivanju dodatnega znanja in razumevanja izzivov in sprememb v kognitivnih sposobnostih, telesnih zmo\u017enostih, omre\u017ejih socialne podpore in telesnem zdravju. \nHkrati bodo viri pove\u010dali ozave\u0161\u010denost o tej temi za uporabnike in strokovnjake, ki se pribli\u017eujejo ali delajo na tem podro\u010dju.<\/div>\t\t<\/div>\n\t\t\t\t<\/div>\n\t\t\t\t\t<\/div>\n\t\t<\/div>\n\t\t\t\t\t<\/div>\n\t\t<\/section>\n\t\t<div class=\"elementor-element elementor-element-088bbf8 e-flex e-con-boxed e-con e-parent\" data-id=\"088bbf8\" data-element_type=\"container\">\n\t\t\t\t\t<div class=\"e-con-inner\">\n\t\t\t\t<div class=\"elementor-element elementor-element-cfb90e8 elementor-widget elementor-widget-video\" data-id=\"cfb90e8\" data-element_type=\"widget\" data-settings=\"{&quot;video_type&quot;:&quot;hosted&quot;,&quot;controls&quot;:&quot;yes&quot;}\" data-widget_type=\"video.default\">\n\t\t\t\t<div class=\"elementor-widget-container\">\n\t\t\t<style>\/*! elementor - v3.21.0 - 26-05-2024 *\/\n.elementor-widget-video .elementor-widget-container{overflow:hidden;transform:translateZ(0)}.elementor-widget-video .elementor-wrapper{aspect-ratio:var(--video-aspect-ratio)}.elementor-widget-video .elementor-wrapper iframe,.elementor-widget-video .elementor-wrapper video{height:100%;width:100%;display:flex;border:none;background-color:#000}@supports not (aspect-ratio:1\/1){.elementor-widget-video .elementor-wrapper{position:relative;overflow:hidden;height:0;padding-bottom:calc(100% \/ var(--video-aspect-ratio))}.elementor-widget-video .elementor-wrapper iframe,.elementor-widget-video .elementor-wrapper video{position:absolute;top:0;right:0;bottom:0;left:0}}.elementor-widget-video .elementor-open-inline .elementor-custom-embed-image-overlay{position:absolute;top:0;right:0;bottom:0;left:0;background-size:cover;background-position:50%}.elementor-widget-video .elementor-custom-embed-image-overlay{cursor:pointer;text-align:center}.elementor-widget-video .elementor-custom-embed-image-overlay:hover .elementor-custom-embed-play i{opacity:1}.elementor-widget-video .elementor-custom-embed-image-overlay img{display:block;width:100%;aspect-ratio:var(--video-aspect-ratio);-o-object-fit:cover;object-fit:cover;-o-object-position:center center;object-position:center center}@supports not (aspect-ratio:1\/1){.elementor-widget-video .elementor-custom-embed-image-overlay{position:relative;overflow:hidden;height:0;padding-bottom:calc(100% \/ var(--video-aspect-ratio))}.elementor-widget-video .elementor-custom-embed-image-overlay img{position:absolute;top:0;right:0;bottom:0;left:0}}.elementor-widget-video .e-hosted-video .elementor-video{-o-object-fit:cover;object-fit:cover}.e-con-inner>.elementor-widget-video,.e-con>.elementor-widget-video{width:var(--container-widget-width);--flex-grow:var(--container-widget-flex-grow)}<\/style>\t\t<div class=\"e-hosted-video elementor-wrapper elementor-open-inline\">\n\t\t\t\t\t<video class=\"elementor-video\" src=\"https:\/\/incluageing.eurasiavision.eu\/wp-content\/uploads\/2023\/12\/INCLU-AGEING.mp4\" controls=\"\" preload=\"metadata\" controlslist=\"nodownload\"><\/video>\n\t\t\t\t<\/div>\n\t\t\t\t<\/div>\n\t\t\t\t<\/div>\n\t\t\t\t\t<\/div>\n\t\t\t\t<\/div>\n\t\t<div class=\"elementor-element elementor-element-f4f9563 e-flex e-con-boxed e-con e-parent\" data-id=\"f4f9563\" data-element_type=\"container\">\n\t\t\t\t\t<div class=\"e-con-inner\">\n\t\t\t\t\t<\/div>\n\t\t\t\t<\/div>\n\t\t<div class=\"elementor-element elementor-element-1bb63fa e-flex e-con-boxed e-con e-parent\" data-id=\"1bb63fa\" data-element_type=\"container\">\n\t\t\t\t\t<div class=\"e-con-inner\">\n\t\t\t\t<div class=\"elementor-element elementor-element-cc6f4fb elementor-widget elementor-widget-spacer\" data-id=\"cc6f4fb\" data-element_type=\"widget\" data-widget_type=\"spacer.default\">\n\t\t\t\t<div class=\"elementor-widget-container\">\n\t\t\t<style>\/*! elementor - v3.21.0 - 26-05-2024 *\/\n.elementor-column .elementor-spacer-inner{height:var(--spacer-size)}.e-con{--container-widget-width:100%}.e-con-inner>.elementor-widget-spacer,.e-con>.elementor-widget-spacer{width:var(--container-widget-width,var(--spacer-size));--align-self:var(--container-widget-align-self,initial);--flex-shrink:0}.e-con-inner>.elementor-widget-spacer>.elementor-widget-container,.e-con>.elementor-widget-spacer>.elementor-widget-container{height:100%;width:100%}.e-con-inner>.elementor-widget-spacer>.elementor-widget-container>.elementor-spacer,.e-con>.elementor-widget-spacer>.elementor-widget-container>.elementor-spacer{height:100%}.e-con-inner>.elementor-widget-spacer>.elementor-widget-container>.elementor-spacer>.elementor-spacer-inner,.e-con>.elementor-widget-spacer>.elementor-widget-container>.elementor-spacer>.elementor-spacer-inner{height:var(--container-widget-height,var(--spacer-size))}.e-con-inner>.elementor-widget-spacer.elementor-widget-empty,.e-con>.elementor-widget-spacer.elementor-widget-empty{position:relative;min-height:22px;min-width:22px}.e-con-inner>.elementor-widget-spacer.elementor-widget-empty .elementor-widget-empty-icon,.e-con>.elementor-widget-spacer.elementor-widget-empty .elementor-widget-empty-icon{position:absolute;top:0;bottom:0;left:0;right:0;margin:auto;padding:0;width:22px;height:22px}<\/style>\t\t<div class=\"elementor-spacer\">\n\t\t\t<div class=\"elementor-spacer-inner\"><\/div>\n\t\t<\/div>\n\t\t\t\t<\/div>\n\t\t\t\t<\/div>\n\t\t\t\t\t<\/div>\n\t\t\t\t<\/div>\n\t\t\t\t<\/div>","protected":false},"excerpt":{"rendered":"<p>Pre koho? \u25cf Star\u0161i starajo\u010dih se odraslih invalidov \u25cf Dru\u017einski \u010dlani starajo\u010dih se odraslih invalidov \u25cf Skrbniki starajo\u010dih se odraslih invalidov Pre\u010do? HUB bo pove\u010dal znanje, kompetence in ve\u0161\u010dine star\u0161ev, dru\u017einskih \u010dlanov in zakonitih skrbnikov starajo\u010dih se odraslih oseb z motnjami v du\u0161evnem razvoju. Njegov cilj je okrepiti socialno vklju\u010denost starajo\u010dih se odraslih oseb z &hellip; <br \/><a href=\"https:\/\/incluageing.eurasiavision.eu\/sl\/\" class=\"more-link\">Continue reading <span class=\"screen-reader-text\">Domov<\/span><\/a><\/p>","protected":false},"author":1,"featured_media":0,"parent":0,"menu_order":0,"comment_status":"closed","ping_status":"closed","template":"","meta":{"footnotes":""},"class_list":["post-4376","page","type-page","status-publish","hentry"],"_links":{"self":[{"href":"https:\/\/incluageing.eurasiavision.eu\/sl\/wp-json\/wp\/v2\/pages\/4376","targetHints":{"allow":["GET"]}}],"collection":[{"href":"https:\/\/incluageing.eurasiavision.eu\/sl\/wp-json\/wp\/v2\/pages"}],"about":[{"href":"https:\/\/incluageing.eurasiavision.eu\/sl\/wp-json\/wp\/v2\/types\/page"}],"author":[{"embeddable":true,"href":"https:\/\/incluageing.eurasiavision.eu\/sl\/wp-json\/wp\/v2\/users\/1"}],"replies":[{"embeddable":true,"href":"https:\/\/incluageing.eurasiavision.eu\/sl\/wp-json\/wp\/v2\/comments?post=4376"}],"version-history":[{"count":22,"href":"https:\/\/incluageing.eurasiavision.eu\/sl\/wp-json\/wp\/v2\/pages\/4376\/revisions"}],"predecessor-version":[{"id":5455,"href":"https:\/\/incluageing.eurasiavision.eu\/sl\/wp-json\/wp\/v2\/pages\/4376\/revisions\/5455"}],"wp:attachment":[{"href":"https:\/\/incluageing.eurasiavision.eu\/sl\/wp-json\/wp\/v2\/media?parent=4376"}],"curies":[{"name":"wp","href":"https:\/\/api.w.org\/{rel}","templated":true}]}}